{"id":16,"date":"2020-10-05T19:40:55","date_gmt":"2020-10-05T17:40:55","guid":{"rendered":"http:\/\/www.nicolagruber.at\/?page_id=16"},"modified":"2022-10-20T13:06:54","modified_gmt":"2022-10-20T11:06:54","slug":"ueber-mich","status":"publish","type":"page","link":"http:\/\/www.nicolagruber.at\/?page_id=16","title":{"rendered":"\u00dcber mich"},"content":{"rendered":"\t\t<div data-elementor-type=\"wp-page\" data-elementor-id=\"16\" class=\"elementor elementor-16\" data-elementor-post-type=\"page\">\n\t\t\t\t\t\t\t\t\t<section class=\"elementor-section elementor-top-section elementor-element elementor-element-99efac1 elementor-section-boxed elementor-section-height-default elementor-section-height-default\" data-id=\"99efac1\" data-element_type=\"section\">\n\t\t\t\t\t\t<div class=\"elementor-container elementor-column-gap-default\">\n\t\t\t\t\t<div class=\"elementor-column elementor-col-100 elementor-top-column elementor-element elementor-element-9f9b8ac\" data-id=\"9f9b8ac\" data-element_type=\"column\">\n\t\t\t<div class=\"elementor-widget-wrap elementor-element-populated\">\n\t\t\t\t\t\t\t\t<div class=\"elementor-element elementor-element-1e2d14c elementor-widget elementor-widget-spacer\" data-id=\"1e2d14c\" data-element_type=\"widget\" data-widget_type=\"spacer.default\">\n\t\t\t\t<div class=\"elementor-widget-container\">\n\t\t\t\t\t<div class=\"elementor-spacer\">\n\t\t\t<div class=\"elementor-spacer-inner\"><\/div>\n\t\t<\/div>\n\t\t\t\t<\/div>\n\t\t\t\t<\/div>\n\t\t\t\t<div class=\"elementor-element elementor-element-5d3d165 elementor-widget elementor-widget-heading\" data-id=\"5d3d165\" data-element_type=\"widget\" data-widget_type=\"heading.default\">\n\t\t\t\t<div class=\"elementor-widget-container\">\n\t\t\t<h3 class=\"elementor-heading-title elementor-size-default\">Die Fotografin<\/h3>\t\t<\/div>\n\t\t\t\t<\/div>\n\t\t\t\t\t<\/div>\n\t\t<\/div>\n\t\t\t\t\t\t\t<\/div>\n\t\t<\/section>\n\t\t\t\t<section class=\"elementor-section elementor-top-section elementor-element elementor-element-519a261 elementor-section-boxed elementor-section-height-default elementor-section-height-default\" data-id=\"519a261\" data-element_type=\"section\">\n\t\t\t\t\t\t<div class=\"elementor-container elementor-column-gap-default\">\n\t\t\t\t\t<div class=\"elementor-column elementor-col-50 elementor-top-column elementor-element elementor-element-98923a6 elementor-invisible\" data-id=\"98923a6\" data-element_type=\"column\" data-settings=\"{&quot;animation&quot;:&quot;fadeIn&quot;}\">\n\t\t\t<div class=\"elementor-widget-wrap elementor-element-populated\">\n\t\t\t\t\t\t\t\t<div class=\"elementor-element elementor-element-db8fdb1 elementor-widget elementor-widget-text-editor\" data-id=\"db8fdb1\" data-element_type=\"widget\" data-widget_type=\"text-editor.default\">\n\t\t\t\t<div class=\"elementor-widget-container\">\n\t\t\t\t\t\t\t<p>Mein Name ist Nicola, ich werde aber am liebsten Nici genannt.<br>Ich bin 30 Jahre alt, wohne in Ober\u00f6sterreich und bin seit 2021 stolze Pferdebesitzerin des 12-j\u00e4hrigen Wallachs Atos.<\/p>\n<p>Im Jahr 2015 schloss ich mein Studium der Rechtswissenschaften erfolgreich ab und entdeckte zeitgleich meine Leidenschaft zur Fotografie. Anfangs legte ich mein Augenmerk auf die Natur- bzw. Landschaftsfotografie. Ich habe dann aber schnell gemerkt, dass meine Spezialisierung woanders liegen soll.<\/p>\t\t\t\t\t\t<\/div>\n\t\t\t\t<\/div>\n\t\t\t\t<div class=\"elementor-element elementor-element-b9a2bb2 elementor-widget elementor-widget-image\" data-id=\"b9a2bb2\" data-element_type=\"widget\" data-widget_type=\"image.default\">\n\t\t\t\t<div class=\"elementor-widget-container\">\n\t\t\t\t\t\t\t\t\t\t\t\t\t\t\t<img fetchpriority=\"high\" decoding=\"async\" width=\"580\" height=\"845\" src=\"http:\/\/www.nicolagruber.at\/wp-content\/uploads\/2021\/10\/3G4A2000-703x1024.jpg\" class=\"attachment-large size-large wp-image-2237\" alt=\"\" srcset=\"http:\/\/www.nicolagruber.at\/wp-content\/uploads\/2021\/10\/3G4A2000-703x1024.jpg 703w, http:\/\/www.nicolagruber.at\/wp-content\/uploads\/2021\/10\/3G4A2000-206x300.jpg 206w, http:\/\/www.nicolagruber.at\/wp-content\/uploads\/2021\/10\/3G4A2000-768x1119.jpg 768w, http:\/\/www.nicolagruber.at\/wp-content\/uploads\/2021\/10\/3G4A2000-1054x1536.jpg 1054w, http:\/\/www.nicolagruber.at\/wp-content\/uploads\/2021\/10\/3G4A2000-1406x2048.jpg 1406w, http:\/\/www.nicolagruber.at\/wp-content\/uploads\/2021\/10\/3G4A2000-1200x1748.jpg 1200w, http:\/\/www.nicolagruber.at\/wp-content\/uploads\/2021\/10\/3G4A2000.jpg 1716w\" sizes=\"(max-width: 580px) 100vw, 580px\" \/>\t\t\t\t\t\t\t\t\t\t\t\t\t\t\t<\/div>\n\t\t\t\t<\/div>\n\t\t\t\t\t<\/div>\n\t\t<\/div>\n\t\t\t\t<div class=\"elementor-column elementor-col-50 elementor-top-column elementor-element elementor-element-5a1efaf\" data-id=\"5a1efaf\" data-element_type=\"column\">\n\t\t\t<div class=\"elementor-widget-wrap elementor-element-populated\">\n\t\t\t\t\t\t\t\t<div class=\"elementor-element elementor-element-4cccdfd elementor-widget elementor-widget-image\" data-id=\"4cccdfd\" data-element_type=\"widget\" data-widget_type=\"image.default\">\n\t\t\t\t<div class=\"elementor-widget-container\">\n\t\t\t\t\t\t\t\t\t\t\t\t\t\t\t<img decoding=\"async\" width=\"580\" height=\"464\" src=\"http:\/\/www.nicolagruber.at\/wp-content\/uploads\/2021\/01\/IMG_0057-final-web3-1024x819.jpg\" class=\"attachment-large size-large wp-image-1709\" alt=\"\" srcset=\"http:\/\/www.nicolagruber.at\/wp-content\/uploads\/2021\/01\/IMG_0057-final-web3-1024x819.jpg 1024w, http:\/\/www.nicolagruber.at\/wp-content\/uploads\/2021\/01\/IMG_0057-final-web3-300x240.jpg 300w, http:\/\/www.nicolagruber.at\/wp-content\/uploads\/2021\/01\/IMG_0057-final-web3-768x614.jpg 768w, http:\/\/www.nicolagruber.at\/wp-content\/uploads\/2021\/01\/IMG_0057-final-web3-1536x1229.jpg 1536w, http:\/\/www.nicolagruber.at\/wp-content\/uploads\/2021\/01\/IMG_0057-final-web3-2048x1639.jpg 2048w, http:\/\/www.nicolagruber.at\/wp-content\/uploads\/2021\/01\/IMG_0057-final-web3-1200x960.jpg 1200w, http:\/\/www.nicolagruber.at\/wp-content\/uploads\/2021\/01\/IMG_0057-final-web3-1980x1584.jpg 1980w\" sizes=\"(max-width: 580px) 100vw, 580px\" \/>\t\t\t\t\t\t\t\t\t\t\t\t\t\t\t<\/div>\n\t\t\t\t<\/div>\n\t\t\t\t<div class=\"elementor-element elementor-element-76b0b66 elementor-widget elementor-widget-text-editor\" data-id=\"76b0b66\" data-element_type=\"widget\" data-widget_type=\"text-editor.default\">\n\t\t\t\t<div class=\"elementor-widget-container\">\n\t\t\t\t\t\t\t<p>Meine Liebe zu Pferden zeigte mir den richtigen Weg: Im Jahr 2019 machte ich mich nebenberuflich als Tierfotografin selbst\u00e4ndig und lichte nicht nur Pferde, sondern auch Hunde mit meiner Kamera ab.<\/p><p>Mein gr\u00f6\u00dftes Anliegen ist es aus euren sch\u00f6nsten Momenten nicht nur Erinnerungen, sondern Bilder f\u00fcr die Ewigkeit zu schaffen. Die Beziehung zwischen einem Menschen und seinem Tier ist einzigartig. Das Vertrauen in dieser wunderbaren Freundschaft m\u00f6chte ich in meinen Bildern aufleben lassen.<\/p>\t\t\t\t\t\t<\/div>\n\t\t\t\t<\/div>\n\t\t\t\t<div class=\"elementor-element elementor-element-02c84f6 elementor-widget elementor-widget-spacer\" data-id=\"02c84f6\" data-element_type=\"widget\" data-widget_type=\"spacer.default\">\n\t\t\t\t<div class=\"elementor-widget-container\">\n\t\t\t\t\t<div class=\"elementor-spacer\">\n\t\t\t<div class=\"elementor-spacer-inner\"><\/div>\n\t\t<\/div>\n\t\t\t\t<\/div>\n\t\t\t\t<\/div>\n\t\t\t\t\t<\/div>\n\t\t<\/div>\n\t\t\t\t\t\t\t<\/div>\n\t\t<\/section>\n\t\t\t\t<footer class=\"elementor-section elementor-top-section elementor-element elementor-element-8646c35 elementor-section-stretched elementor-reverse-mobile elementor-section-boxed elementor-section-height-default elementor-section-height-default\" data-id=\"8646c35\" data-element_type=\"section\" data-settings=\"{&quot;background_background&quot;:&quot;classic&quot;,&quot;stretch_section&quot;:&quot;section-stretched&quot;}\">\n\t\t\t\t\t\t<div class=\"elementor-container elementor-column-gap-default\">\n\t\t\t\t\t<div class=\"elementor-column elementor-col-20 elementor-top-column elementor-element elementor-element-c87aa4a\" data-id=\"c87aa4a\" data-element_type=\"column\">\n\t\t\t<div class=\"elementor-widget-wrap elementor-element-populated\">\n\t\t\t\t\t\t\t\t<div class=\"elementor-element elementor-element-1262e74 elementor-align-left elementor-mobile-align-left elementor-widget elementor-widget-button\" data-id=\"1262e74\" data-element_type=\"widget\" data-widget_type=\"button.default\">\n\t\t\t\t<div class=\"elementor-widget-container\">\n\t\t\t\t\t<div class=\"elementor-button-wrapper\">\n\t\t\t<a class=\"elementor-button elementor-button-link elementor-size-sm\" href=\"http:\/\/www.nicolagruber.at\/?page_id=624\">\n\t\t\t\t\t\t<span class=\"elementor-button-content-wrapper\">\n\t\t\t\t\t\t<span class=\"elementor-button-text\">Datenschutz<\/span>\n\t\t<\/span>\n\t\t\t\t\t<\/a>\n\t\t<\/div>\n\t\t\t\t<\/div>\n\t\t\t\t<\/div>\n\t\t\t\t\t<\/div>\n\t\t<\/div>\n\t\t\t\t<div class=\"elementor-column elementor-col-20 elementor-top-column elementor-element elementor-element-dd27443\" data-id=\"dd27443\" data-element_type=\"column\">\n\t\t\t<div class=\"elementor-widget-wrap elementor-element-populated\">\n\t\t\t\t\t\t\t\t<div class=\"elementor-element elementor-element-6518a57 elementor-align-left elementor-mobile-align-left elementor-widget elementor-widget-button\" data-id=\"6518a57\" data-element_type=\"widget\" data-widget_type=\"button.default\">\n\t\t\t\t<div class=\"elementor-widget-container\">\n\t\t\t\t\t<div class=\"elementor-button-wrapper\">\n\t\t\t<a class=\"elementor-button elementor-button-link elementor-size-sm\" href=\"http:\/\/www.nicolagruber.at\/?page_id=623\">\n\t\t\t\t\t\t<span class=\"elementor-button-content-wrapper\">\n\t\t\t\t\t\t<span class=\"elementor-button-text\">Impressum<\/span>\n\t\t<\/span>\n\t\t\t\t\t<\/a>\n\t\t<\/div>\n\t\t\t\t<\/div>\n\t\t\t\t<\/div>\n\t\t\t\t\t<\/div>\n\t\t<\/div>\n\t\t\t\t<div class=\"elementor-column elementor-col-20 elementor-top-column elementor-element elementor-element-65cafcc\" data-id=\"65cafcc\" data-element_type=\"column\">\n\t\t\t<div class=\"elementor-widget-wrap elementor-element-populated\">\n\t\t\t\t\t\t\t\t<div class=\"elementor-element elementor-element-449e481 e-grid-align-left e-grid-align-mobile-center elementor-shape-rounded elementor-grid-0 elementor-widget elementor-widget-social-icons\" data-id=\"449e481\" data-element_type=\"widget\" data-widget_type=\"social-icons.default\">\n\t\t\t\t<div class=\"elementor-widget-container\">\n\t\t\t\t\t<div class=\"elementor-social-icons-wrapper elementor-grid\">\n\t\t\t\t\t\t\t<span class=\"elementor-grid-item\">\n\t\t\t\t\t<a class=\"elementor-icon elementor-social-icon elementor-social-icon-instagram elementor-repeater-item-a229ff5\" href=\"https:\/\/www.instagram.com\/ng_horses\/?hl=de\" target=\"_blank\">\n\t\t\t\t\t\t<span class=\"elementor-screen-only\">Instagram<\/span>\n\t\t\t\t\t\t<i class=\"fab fa-instagram\"><\/i>\t\t\t\t\t<\/a>\n\t\t\t\t<\/span>\n\t\t\t\t\t\t\t<span class=\"elementor-grid-item\">\n\t\t\t\t\t<a class=\"elementor-icon elementor-social-icon elementor-social-icon-facebook elementor-repeater-item-993ef04\" href=\"https:\/\/www.facebook.com\/pg\/Nicola-Gruber-Fotografie-116132749786005\/posts\/\" target=\"_blank\">\n\t\t\t\t\t\t<span class=\"elementor-screen-only\">Facebook<\/span>\n\t\t\t\t\t\t<i class=\"fab fa-facebook\"><\/i>\t\t\t\t\t<\/a>\n\t\t\t\t<\/span>\n\t\t\t\t\t<\/div>\n\t\t\t\t<\/div>\n\t\t\t\t<\/div>\n\t\t\t\t\t<\/div>\n\t\t<\/div>\n\t\t\t\t<div class=\"elementor-column elementor-col-20 elementor-top-column elementor-element elementor-element-6f2f1d1\" data-id=\"6f2f1d1\" data-element_type=\"column\">\n\t\t\t<div class=\"elementor-widget-wrap elementor-element-populated\">\n\t\t\t\t\t\t\t\t<div class=\"elementor-element elementor-element-3842349 elementor-widget elementor-widget-heading\" data-id=\"3842349\" data-element_type=\"widget\" data-widget_type=\"heading.default\">\n\t\t\t\t<div class=\"elementor-widget-container\">\n\t\t\t<p class=\"elementor-heading-title elementor-size-small\">info@nicolagruber.at<\/p>\t\t<\/div>\n\t\t\t\t<\/div>\n\t\t\t\t\t<\/div>\n\t\t<\/div>\n\t\t\t\t<div class=\"elementor-column elementor-col-20 elementor-top-column elementor-element elementor-element-c6c86ee\" data-id=\"c6c86ee\" data-element_type=\"column\">\n\t\t\t<div class=\"elementor-widget-wrap elementor-element-populated\">\n\t\t\t\t\t\t\t\t<div class=\"elementor-element elementor-element-2ef6db4 elementor-widget elementor-widget-heading\" data-id=\"2ef6db4\" data-element_type=\"widget\" data-widget_type=\"heading.default\">\n\t\t\t\t<div class=\"elementor-widget-container\">\n\t\t\t<p class=\"elementor-heading-title elementor-size-default\">\u00a9 2021 Nicola Gruber Fotografie<\/p>\t\t<\/div>\n\t\t\t\t<\/div>\n\t\t\t\t\t<\/div>\n\t\t<\/div>\n\t\t\t\t\t\t\t<\/div>\n\t\t<\/footer>\n\t\t\t\t\t\t\t<\/div>\n\t\t","protected":false},"excerpt":{"rendered":"<p>Die Fotografin Mein Name ist Nicola, ich werde aber am liebsten Nici genannt.Ich bin 30 Jahre alt, wohne in Ober\u00f6sterreich und bin seit 2021 stolze Pferdebesitzerin des 12-j\u00e4hrigen Wallachs Atos. Im Jahr 2015 schloss ich mein Studium der Rechtswissenschaften erfolgreich ab und entdeckte zeitgleich meine Leidenschaft zur Fotografie. Anfangs legte ich mein Augenmerk auf die [&hellip;]<\/p>\n","protected":false},"author":1,"featured_media":0,"parent":0,"menu_order":0,"comment_status":"closed","ping_status":"closed","template":"elementor_header_footer","meta":{"footnotes":""},"_links":{"self":[{"href":"http:\/\/www.nicolagruber.at\/index.php?rest_route=\/wp\/v2\/pages\/16"}],"collection":[{"href":"http:\/\/www.nicolagruber.at\/index.php?rest_route=\/wp\/v2\/pages"}],"about":[{"href":"http:\/\/www.nicolagruber.at\/index.php?rest_route=\/wp\/v2\/types\/page"}],"author":[{"embeddable":true,"href":"http:\/\/www.nicolagruber.at\/index.php?rest_route=\/wp\/v2\/users\/1"}],"replies":[{"embeddable":true,"href":"http:\/\/www.nicolagruber.at\/index.php?rest_route=%2Fwp%2Fv2%2Fcomments&post=16"}],"version-history":[{"count":218,"href":"http:\/\/www.nicolagruber.at\/index.php?rest_route=\/wp\/v2\/pages\/16\/revisions"}],"predecessor-version":[{"id":2386,"href":"http:\/\/www.nicolagruber.at\/index.php?rest_route=\/wp\/v2\/pages\/16\/revisions\/2386"}],"wp:attachment":[{"href":"http:\/\/www.nicolagruber.at\/index.php?rest_route=%2Fwp%2Fv2%2Fmedia&parent=16"}],"curies":[{"name":"wp","href":"https:\/\/api.w.org\/{rel}","templated":true}]}}